{"id":13,"date":"2022-10-18T10:54:12","date_gmt":"2022-10-18T10:54:12","guid":{"rendered":"https:\/\/elmamed.com\/?page_id=13"},"modified":"2025-04-16T21:11:49","modified_gmt":"2025-04-16T21:11:49","slug":"products","status":"publish","type":"page","link":"https:\/\/elmamed.com\/tr\/products\/","title":{"rendered":"\u00dcr\u00fcnler"},"content":{"rendered":"<div data-elementor-type=\"wp-page\" data-elementor-id=\"13\" class=\"elementor elementor-13\" data-elementor-post-type=\"page\">\n\t\t\t\t\t\t<section data-particle_enable=\"false\" data-particle-mobile-disabled=\"false\" class=\"elementor-section elementor-top-section elementor-element elementor-element-d676a70 elementor-section-full_width elementor-section-stretched elementor-section-height-default elementor-section-height-default\" data-id=\"d676a70\" data-element_type=\"section\" data-e-type=\"section\" data-settings=\"{&quot;stretch_section&quot;:&quot;section-stretched&quot;,&quot;ekit_has_onepagescroll_dot&quot;:&quot;yes&quot;}\">\n\t\t\t\t\t\t<div class=\"elementor-container elementor-column-gap-wider\">\n\t\t\t\t\t<div class=\"elementor-column elementor-col-100 elementor-top-column elementor-element elementor-element-d57ed04\" data-id=\"d57ed04\" data-element_type=\"column\" data-e-type=\"column\" data-settings=\"{&quot;background_background&quot;:&quot;classic&quot;}\">\n\t\t\t<div class=\"elementor-widget-wrap elementor-element-populated\">\n\t\t\t\t\t\t<section data-particle_enable=\"false\" data-particle-mobile-disabled=\"false\" class=\"elementor-section elementor-inner-section elementor-element elementor-element-d3a90e6 elementor-section-boxed elementor-section-height-default elementor-section-height-default\" data-id=\"d3a90e6\" data-element_type=\"section\" data-e-type=\"section\" data-settings=\"{&quot;ekit_has_onepagescroll_dot&quot;:&quot;yes&quot;}\">\n\t\t\t\t\t\t<div class=\"elementor-container elementor-column-gap-default\">\n\t\t\t\t\t<div class=\"elementor-column elementor-col-100 elementor-inner-column elementor-element elementor-element-bd5e915\" data-id=\"bd5e915\" data-element_type=\"column\" data-e-type=\"column\">\n\t\t\t<div class=\"elementor-widget-wrap elementor-element-populated\">\n\t\t\t\t\t\t<section data-particle_enable=\"false\" data-particle-mobile-disabled=\"false\" class=\"elementor-section elementor-inner-section elementor-element elementor-element-c100ef7 elementor-section-boxed elementor-section-height-default elementor-section-height-default\" data-id=\"c100ef7\" data-element_type=\"section\" data-e-type=\"section\" data-settings=\"{&quot;ekit_has_onepagescroll_dot&quot;:&quot;yes&quot;}\">\n\t\t\t\t\t\t<div class=\"elementor-container elementor-column-gap-default\">\n\t\t\t\t\t<div class=\"elementor-column elementor-col-25 elementor-inner-column elementor-element elementor-element-8cbaae0\" data-id=\"8cbaae0\" data-element_type=\"column\" data-e-type=\"column\">\n\t\t\t<div class=\"elementor-widget-wrap\">\n\t\t\t\t\t\t\t<\/div>\n\t\t<\/div>\n\t\t\t\t<div class=\"elementor-column elementor-col-50 elementor-inner-column elementor-element elementor-element-f71378a\" data-id=\"f71378a\" data-element_type=\"column\" data-e-type=\"column\">\n\t\t\t<div class=\"elementor-widget-wrap elementor-element-populated\">\n\t\t\t\t\t\t<div class=\"elementor-element elementor-element-0919c91 elementor-widget elementor-widget-heading\" data-id=\"0919c91\" data-element_type=\"widget\" data-e-type=\"widget\" data-settings=\"{&quot;ekit_we_effect_on&quot;:&quot;none&quot;}\" data-widget_type=\"heading.default\">\n\t\t\t\t<div class=\"elementor-widget-container\">\n\t\t\t\t\t<h1 class=\"elementor-heading-title elementor-size-default\">\u00dcr\u00fcnler<\/h1>\t\t\t\t<\/div>\n\t\t\t\t<\/div>\n\t\t\t\t<div class=\"elementor-element elementor-element-563c703 elementor-widget-tablet__width-initial elementor-widget elementor-widget-heading\" data-id=\"563c703\" data-element_type=\"widget\" data-e-type=\"widget\" data-settings=\"{&quot;ekit_we_effect_on&quot;:&quot;none&quot;}\" data-widget_type=\"heading.default\">\n\t\t\t\t<div class=\"elementor-widget-container\">\n\t\t\t\t\t<h5 class=\"elementor-heading-title elementor-size-default\">Elma Medical is your trusted provider of medical surgery items<\/h5>\t\t\t\t<\/div>\n\t\t\t\t<\/div>\n\t\t\t\t\t<\/div>\n\t\t<\/div>\n\t\t\t\t<div class=\"elementor-column elementor-col-25 elementor-inner-column elementor-element elementor-element-50c51bc\" data-id=\"50c51bc\" data-element_type=\"column\" data-e-type=\"column\">\n\t\t\t<div class=\"elementor-widget-wrap\">\n\t\t\t\t\t\t\t<\/div>\n\t\t<\/div>\n\t\t\t\t\t<\/div>\n\t\t<\/section>\n\t\t\t\t\t<\/div>\n\t\t<\/div>\n\t\t\t\t\t<\/div>\n\t\t<\/section>\n\t\t\t\t\t<\/div>\n\t\t<\/div>\n\t\t\t\t\t<\/div>\n\t\t<\/section>\n\t\t\t\t<section data-particle_enable=\"false\" data-particle-mobile-disabled=\"false\" class=\"elementor-section elementor-top-section elementor-element elementor-element-0d58ce0 elementor-section-full_width elementor-section-stretched elementor-section-height-default elementor-section-height-default\" data-id=\"0d58ce0\" data-element_type=\"section\" data-e-type=\"section\" data-settings=\"{&quot;stretch_section&quot;:&quot;section-stretched&quot;,&quot;background_background&quot;:&quot;classic&quot;,&quot;ekit_has_onepagescroll_dot&quot;:&quot;yes&quot;}\">\n\t\t\t\t\t\t<div class=\"elementor-container elementor-column-gap-default\">\n\t\t\t\t\t<div class=\"elementor-column elementor-col-100 elementor-top-column elementor-element elementor-element-16d11c8\" data-id=\"16d11c8\" data-element_type=\"column\" data-e-type=\"column\" data-settings=\"{&quot;background_background&quot;:&quot;classic&quot;}\">\n\t\t\t<div class=\"elementor-widget-wrap elementor-element-populated\">\n\t\t\t\t\t\t<div class=\"elementor-element elementor-element-5b00c17 elementor-grid-eael-col-5 elementor-grid-tablet-eael-col-2 elementor-grid-mobile-eael-col-1 elementor-widget elementor-widget-eael-post-grid\" data-id=\"5b00c17\" data-element_type=\"widget\" data-e-type=\"widget\" data-settings=\"{&quot;eael_post_grid_columns&quot;:&quot;eael-col-5&quot;,&quot;eael_post_grid_columns_tablet&quot;:&quot;eael-col-2&quot;,&quot;eael_post_grid_columns_mobile&quot;:&quot;eael-col-1&quot;,&quot;ekit_we_effect_on&quot;:&quot;none&quot;}\" data-widget_type=\"eael-post-grid.default\">\n\t\t\t\t<div class=\"elementor-widget-container\">\n\t\t\t\t\t<div id=\"eael-post-grid-5b00c17\" class=\"eael-post-grid-container\">\n            <div class=\"eael-post-grid eael-post-appender eael-post-appender-5b00c17 eael-post-grid-style-one\" data-layout-mode=\"masonry\"><article class=\"eael-grid-post  eael-post-grid-column eael-pg-post-1079\" data-id=\"1079\">\n        <div class=\"eael-grid-post-holder\">\n            <div class=\"eael-grid-post-holder-inner\"><div class=\"eael-entry-media\"><div class=\"eael-entry-overlay fade-in\"><i class=\"far fa-eye\" aria-hidden=\"true\"><\/i><a href=\"https:\/\/elmamed.com\/tr\/vifix-ii-meniscal-repair-device-2-0-all-inside\/\"><\/a><\/div><div class=\"eael-entry-thumbnail eael-image-ratio\">\n                <img fetchpriority=\"high\" decoding=\"async\" width=\"300\" height=\"219\" src=\"https:\/\/elmamed.com\/wp-content\/uploads\/2025\/05\/Fast-Fix-1-e1747056241845-300x219.png\" class=\"attachment-thumbnail size-thumbnail wp-image-1216\" alt=\"\" srcset=\"https:\/\/elmamed.com\/wp-content\/uploads\/2025\/05\/Fast-Fix-1-e1747056241845-300x219.png 300w, https:\/\/elmamed.com\/wp-content\/uploads\/2025\/05\/Fast-Fix-1-e1747056241845-500x365.png 500w, https:\/\/elmamed.com\/wp-content\/uploads\/2025\/05\/Fast-Fix-1-e1747056241845-768x561.png 768w, https:\/\/elmamed.com\/wp-content\/uploads\/2025\/05\/Fast-Fix-1-e1747056241845-16x12.png 16w, https:\/\/elmamed.com\/wp-content\/uploads\/2025\/05\/Fast-Fix-1-e1747056241845-103x75.png 103w, https:\/\/elmamed.com\/wp-content\/uploads\/2025\/05\/Fast-Fix-1-e1747056241845-480x351.png 480w, https:\/\/elmamed.com\/wp-content\/uploads\/2025\/05\/Fast-Fix-1-e1747056241845.png 855w\" sizes=\"(max-width:767px) 300px, 300px\" \/>\n            <\/div>\n        <\/div><div class=\"eael-entry-wrapper\"><header class=\"eael-entry-header\"><h2 class=\"eael-entry-title\"><a class=\"eael-grid-post-link\" href=\"https:\/\/elmamed.com\/tr\/vifix-ii-meniscal-repair-device-2-0-all-inside\/\" title=\"VIFIX II MENISCAL REPAIR DEVICE # 2\/0 , ALL INSIDE\">VIFIX II MENISCAL REPAIR DEVICE # 2\/0 , ALL INSIDE<\/a><\/h2><\/header><\/div><\/div>\n        <\/div>\n    <\/article><article class=\"eael-grid-post  eael-post-grid-column eael-pg-post-1231\" data-id=\"1231\">\n        <div class=\"eael-grid-post-holder\">\n            <div class=\"eael-grid-post-holder-inner\"><div class=\"eael-entry-media\"><div class=\"eael-entry-overlay fade-in\"><i class=\"far fa-eye\" aria-hidden=\"true\"><\/i><a href=\"https:\/\/elmamed.com\/tr\/silicon-cannula\/\"><\/a><\/div><div class=\"eael-entry-thumbnail eael-image-ratio\">\n                <img decoding=\"async\" width=\"300\" height=\"219\" src=\"https:\/\/elmamed.com\/wp-content\/uploads\/2025\/05\/silicon-2-e1747058753903-300x219.png\" class=\"attachment-thumbnail size-thumbnail wp-image-1236\" alt=\"\" srcset=\"https:\/\/elmamed.com\/wp-content\/uploads\/2025\/05\/silicon-2-e1747058753903-300x219.png 300w, https:\/\/elmamed.com\/wp-content\/uploads\/2025\/05\/silicon-2-e1747058753903-500x365.png 500w, https:\/\/elmamed.com\/wp-content\/uploads\/2025\/05\/silicon-2-e1747058753903-768x561.png 768w, https:\/\/elmamed.com\/wp-content\/uploads\/2025\/05\/silicon-2-e1747058753903-16x12.png 16w, https:\/\/elmamed.com\/wp-content\/uploads\/2025\/05\/silicon-2-e1747058753903-103x75.png 103w, https:\/\/elmamed.com\/wp-content\/uploads\/2025\/05\/silicon-2-e1747058753903-480x351.png 480w, https:\/\/elmamed.com\/wp-content\/uploads\/2025\/05\/silicon-2-e1747058753903.png 855w\" sizes=\"(max-width:767px) 300px, 300px\" \/>\n            <\/div>\n        <\/div><div class=\"eael-entry-wrapper\"><header class=\"eael-entry-header\"><h2 class=\"eael-entry-title\"><a class=\"eael-grid-post-link\" href=\"https:\/\/elmamed.com\/tr\/silicon-cannula\/\" title=\"SILICON CANNULA\">SILICON CANNULA<\/a><\/h2><\/header><\/div><\/div>\n        <\/div>\n    <\/article><article class=\"eael-grid-post  eael-post-grid-column eael-pg-post-1242\" data-id=\"1242\">\n        <div class=\"eael-grid-post-holder\">\n            <div class=\"eael-grid-post-holder-inner\"><div class=\"eael-entry-media\"><div class=\"eael-entry-overlay fade-in\"><i class=\"far fa-eye\" aria-hidden=\"true\"><\/i><a href=\"https:\/\/elmamed.com\/tr\/titanium-button-implant\/\"><\/a><\/div><div class=\"eael-entry-thumbnail eael-image-ratio\">\n                <img decoding=\"async\" width=\"300\" height=\"219\" src=\"https:\/\/elmamed.com\/wp-content\/uploads\/2025\/05\/Hnager-button-1-1-e1747056386944-300x219.png\" class=\"attachment-thumbnail size-thumbnail wp-image-1229\" alt=\"\" srcset=\"https:\/\/elmamed.com\/wp-content\/uploads\/2025\/05\/Hnager-button-1-1-e1747056386944-300x219.png 300w, https:\/\/elmamed.com\/wp-content\/uploads\/2025\/05\/Hnager-button-1-1-e1747056386944-500x365.png 500w, https:\/\/elmamed.com\/wp-content\/uploads\/2025\/05\/Hnager-button-1-1-e1747056386944-768x561.png 768w, https:\/\/elmamed.com\/wp-content\/uploads\/2025\/05\/Hnager-button-1-1-e1747056386944-16x12.png 16w, https:\/\/elmamed.com\/wp-content\/uploads\/2025\/05\/Hnager-button-1-1-e1747056386944-103x75.png 103w, https:\/\/elmamed.com\/wp-content\/uploads\/2025\/05\/Hnager-button-1-1-e1747056386944-480x351.png 480w, https:\/\/elmamed.com\/wp-content\/uploads\/2025\/05\/Hnager-button-1-1-e1747056386944.png 855w\" sizes=\"(max-width:767px) 300px, 300px\" \/>\n            <\/div>\n        <\/div><div class=\"eael-entry-wrapper\"><header class=\"eael-entry-header\"><h2 class=\"eael-entry-title\"><a class=\"eael-grid-post-link\" href=\"https:\/\/elmamed.com\/tr\/titanium-button-implant\/\" title=\"T\u0130TANYUM D\u00dc\u011eME \u0130MPLANT\">T\u0130TANYUM D\u00dc\u011eME \u0130MPLANT<\/a><\/h2><\/header><\/div><\/div>\n        <\/div>\n    <\/article><article class=\"eael-grid-post  eael-post-grid-column eael-pg-post-1237\" data-id=\"1237\">\n        <div class=\"eael-grid-post-holder\">\n            <div class=\"eael-grid-post-holder-inner\"><div class=\"eael-entry-media\"><div class=\"eael-entry-overlay fade-in\"><i class=\"far fa-eye\" aria-hidden=\"true\"><\/i><a href=\"https:\/\/elmamed.com\/tr\/remissas-hanger-system-xl\/\"><\/a><\/div><div class=\"eael-entry-thumbnail eael-image-ratio\">\n                <img loading=\"lazy\" decoding=\"async\" width=\"300\" height=\"219\" src=\"https:\/\/elmamed.com\/wp-content\/uploads\/2025\/05\/New-Hanger-2-e1747056431764-300x219.png\" class=\"attachment-thumbnail size-thumbnail wp-image-1230\" alt=\"\" srcset=\"https:\/\/elmamed.com\/wp-content\/uploads\/2025\/05\/New-Hanger-2-e1747056431764-300x219.png 300w, https:\/\/elmamed.com\/wp-content\/uploads\/2025\/05\/New-Hanger-2-e1747056431764-500x365.png 500w, https:\/\/elmamed.com\/wp-content\/uploads\/2025\/05\/New-Hanger-2-e1747056431764-768x561.png 768w, https:\/\/elmamed.com\/wp-content\/uploads\/2025\/05\/New-Hanger-2-e1747056431764-16x12.png 16w, https:\/\/elmamed.com\/wp-content\/uploads\/2025\/05\/New-Hanger-2-e1747056431764-103x75.png 103w, https:\/\/elmamed.com\/wp-content\/uploads\/2025\/05\/New-Hanger-2-e1747056431764-480x351.png 480w, https:\/\/elmamed.com\/wp-content\/uploads\/2025\/05\/New-Hanger-2-e1747056431764.png 855w\" sizes=\"(max-width:767px) 300px, 300px\" \/>\n            <\/div>\n        <\/div><div class=\"eael-entry-wrapper\"><header class=\"eael-entry-header\"><h2 class=\"eael-entry-title\"><a class=\"eael-grid-post-link\" href=\"https:\/\/elmamed.com\/tr\/remissas-hanger-system-xl\/\" title=\"REMISSAS HANGER SYSTEM &#8211; XL\">REMISSAS HANGER SYSTEM &#8211; XL<\/a><\/h2><\/header><\/div><\/div>\n        <\/div>\n    <\/article><article class=\"eael-grid-post  eael-post-grid-column eael-pg-post-311\" data-id=\"311\">\n        <div class=\"eael-grid-post-holder\">\n            <div class=\"eael-grid-post-holder-inner\"><div class=\"eael-entry-media\"><div class=\"eael-entry-overlay fade-in\"><i class=\"far fa-eye\" aria-hidden=\"true\"><\/i><a href=\"https:\/\/elmamed.com\/tr\/helix-ti-screw-ancho\/\"><\/a><\/div><div class=\"eael-entry-thumbnail eael-image-ratio\">\n                <img loading=\"lazy\" decoding=\"async\" width=\"300\" height=\"220\" src=\"https:\/\/elmamed.com\/wp-content\/uploads\/2025\/04\/screw-anchor-3-1-e1744919137142-300x220.png\" class=\"attachment-thumbnail size-thumbnail wp-image-885\" alt=\"\" srcset=\"https:\/\/elmamed.com\/wp-content\/uploads\/2025\/04\/screw-anchor-3-1-e1744919137142-300x220.png 300w, https:\/\/elmamed.com\/wp-content\/uploads\/2025\/04\/screw-anchor-3-1-e1744919137142-500x366.png 500w, https:\/\/elmamed.com\/wp-content\/uploads\/2025\/04\/screw-anchor-3-1-e1744919137142-768x562.png 768w, https:\/\/elmamed.com\/wp-content\/uploads\/2025\/04\/screw-anchor-3-1-e1744919137142-16x12.png 16w, https:\/\/elmamed.com\/wp-content\/uploads\/2025\/04\/screw-anchor-3-1-e1744919137142-102x75.png 102w, https:\/\/elmamed.com\/wp-content\/uploads\/2025\/04\/screw-anchor-3-1-e1744919137142-480x351.png 480w, https:\/\/elmamed.com\/wp-content\/uploads\/2025\/04\/screw-anchor-3-1-e1744919137142.png 855w\" sizes=\"(max-width:767px) 300px, 300px\" \/>\n            <\/div>\n        <\/div><div class=\"eael-entry-wrapper\"><header class=\"eael-entry-header\"><h2 class=\"eael-entry-title\"><a class=\"eael-grid-post-link\" href=\"https:\/\/elmamed.com\/tr\/helix-ti-screw-ancho\/\" title=\"HELIX TI SCREW ANCHOR\">HELIX TI SCREW ANCHOR<\/a><\/h2><\/header><\/div><\/div>\n        <\/div>\n    <\/article><article class=\"eael-grid-post  eael-post-grid-column eael-pg-post-568\" data-id=\"568\">\n        <div class=\"eael-grid-post-holder\">\n            <div class=\"eael-grid-post-holder-inner\"><div class=\"eael-entry-media\"><div class=\"eael-entry-overlay fade-in\"><i class=\"far fa-eye\" aria-hidden=\"true\"><\/i><a href=\"https:\/\/elmamed.com\/tr\/helix-peek-knotless-anchor\/\"><\/a><\/div><div class=\"eael-entry-thumbnail eael-image-ratio\">\n                <img loading=\"lazy\" decoding=\"async\" width=\"300\" height=\"207\" src=\"https:\/\/elmamed.com\/wp-content\/uploads\/2025\/04\/peek-anchor-2-1-e1744918737706-300x207.png\" class=\"attachment-thumbnail size-thumbnail wp-image-881\" alt=\"\" srcset=\"https:\/\/elmamed.com\/wp-content\/uploads\/2025\/04\/peek-anchor-2-1-e1744918737706-300x207.png 300w, https:\/\/elmamed.com\/wp-content\/uploads\/2025\/04\/peek-anchor-2-1-e1744918737706-500x345.png 500w, https:\/\/elmamed.com\/wp-content\/uploads\/2025\/04\/peek-anchor-2-1-e1744918737706-768x530.png 768w, https:\/\/elmamed.com\/wp-content\/uploads\/2025\/04\/peek-anchor-2-1-e1744918737706-18x12.png 18w, https:\/\/elmamed.com\/wp-content\/uploads\/2025\/04\/peek-anchor-2-1-e1744918737706-109x75.png 109w, https:\/\/elmamed.com\/wp-content\/uploads\/2025\/04\/peek-anchor-2-1-e1744918737706-480x331.png 480w, https:\/\/elmamed.com\/wp-content\/uploads\/2025\/04\/peek-anchor-2-1-e1744918737706.png 855w\" sizes=\"(max-width:767px) 300px, 300px\" \/>\n            <\/div>\n        <\/div><div class=\"eael-entry-wrapper\"><header class=\"eael-entry-header\"><h2 class=\"eael-entry-title\"><a class=\"eael-grid-post-link\" href=\"https:\/\/elmamed.com\/tr\/helix-peek-knotless-anchor\/\" title=\"HELIX PEEK KNOTLESS ANCHOR\">HELIX PEEK KNOTLESS ANCHOR<\/a><\/h2><\/header><\/div><\/div>\n        <\/div>\n    <\/article><article class=\"eael-grid-post  eael-post-grid-column eael-pg-post-574\" data-id=\"574\">\n        <div class=\"eael-grid-post-holder\">\n            <div class=\"eael-grid-post-holder-inner\"><div class=\"eael-entry-media\"><div class=\"eael-entry-overlay fade-in\"><i class=\"far fa-eye\" aria-hidden=\"true\"><\/i><a href=\"https:\/\/elmamed.com\/tr\/sensitiva-soft-anchor\/\"><\/a><\/div><div class=\"eael-entry-thumbnail eael-image-ratio\">\n                <img loading=\"lazy\" decoding=\"async\" width=\"300\" height=\"218\" src=\"https:\/\/elmamed.com\/wp-content\/uploads\/2025\/04\/soft-anchor-3-1-e1744919264702-300x218.png\" class=\"attachment-thumbnail size-thumbnail wp-image-888\" alt=\"\" srcset=\"https:\/\/elmamed.com\/wp-content\/uploads\/2025\/04\/soft-anchor-3-1-e1744919264702-300x218.png 300w, https:\/\/elmamed.com\/wp-content\/uploads\/2025\/04\/soft-anchor-3-1-e1744919264702-500x364.png 500w, https:\/\/elmamed.com\/wp-content\/uploads\/2025\/04\/soft-anchor-3-1-e1744919264702-768x559.png 768w, https:\/\/elmamed.com\/wp-content\/uploads\/2025\/04\/soft-anchor-3-1-e1744919264702-16x12.png 16w, https:\/\/elmamed.com\/wp-content\/uploads\/2025\/04\/soft-anchor-3-1-e1744919264702-103x75.png 103w, https:\/\/elmamed.com\/wp-content\/uploads\/2025\/04\/soft-anchor-3-1-e1744919264702-480x349.png 480w, https:\/\/elmamed.com\/wp-content\/uploads\/2025\/04\/soft-anchor-3-1-e1744919264702.png 855w\" sizes=\"(max-width:767px) 300px, 300px\" \/>\n            <\/div>\n        <\/div><div class=\"eael-entry-wrapper\"><header class=\"eael-entry-header\"><h2 class=\"eael-entry-title\"><a class=\"eael-grid-post-link\" href=\"https:\/\/elmamed.com\/tr\/sensitiva-soft-anchor\/\" title=\"SENSITIVA SOFT ANCHOR\">SENSITIVA SOFT ANCHOR<\/a><\/h2><\/header><\/div><\/div>\n        <\/div>\n    <\/article><article class=\"eael-grid-post  eael-post-grid-column eael-pg-post-597\" data-id=\"597\">\n        <div class=\"eael-grid-post-holder\">\n            <div class=\"eael-grid-post-holder-inner\"><div class=\"eael-entry-media\"><div class=\"eael-entry-overlay fade-in\"><i class=\"far fa-eye\" aria-hidden=\"true\"><\/i><a href=\"https:\/\/elmamed.com\/tr\/helix-peek-screw-anchor\/\"><\/a><\/div><div class=\"eael-entry-thumbnail eael-image-ratio\">\n                <img loading=\"lazy\" decoding=\"async\" width=\"300\" height=\"214\" src=\"https:\/\/elmamed.com\/wp-content\/uploads\/2025\/04\/Peek-Screw-1-e1744919012286-300x214.png\" class=\"attachment-thumbnail size-thumbnail wp-image-883\" alt=\"\" srcset=\"https:\/\/elmamed.com\/wp-content\/uploads\/2025\/04\/Peek-Screw-1-e1744919012286-300x214.png 300w, https:\/\/elmamed.com\/wp-content\/uploads\/2025\/04\/Peek-Screw-1-e1744919012286-500x357.png 500w, https:\/\/elmamed.com\/wp-content\/uploads\/2025\/04\/Peek-Screw-1-e1744919012286-768x548.png 768w, https:\/\/elmamed.com\/wp-content\/uploads\/2025\/04\/Peek-Screw-1-e1744919012286-18x12.png 18w, https:\/\/elmamed.com\/wp-content\/uploads\/2025\/04\/Peek-Screw-1-e1744919012286-105x75.png 105w, https:\/\/elmamed.com\/wp-content\/uploads\/2025\/04\/Peek-Screw-1-e1744919012286-480x342.png 480w, https:\/\/elmamed.com\/wp-content\/uploads\/2025\/04\/Peek-Screw-1-e1744919012286.png 855w\" sizes=\"(max-width:767px) 300px, 300px\" \/>\n            <\/div>\n        <\/div><div class=\"eael-entry-wrapper\"><header class=\"eael-entry-header\"><h2 class=\"eael-entry-title\"><a class=\"eael-grid-post-link\" href=\"https:\/\/elmamed.com\/tr\/helix-peek-screw-anchor\/\" title=\"HELIX PEEK SCREW ANCHOR\">HELIX PEEK SCREW ANCHOR<\/a><\/h2><\/header><\/div><\/div>\n        <\/div>\n    <\/article><article class=\"eael-grid-post  eael-post-grid-column eael-pg-post-636\" data-id=\"636\">\n        <div class=\"eael-grid-post-holder\">\n            <div class=\"eael-grid-post-holder-inner\"><div class=\"eael-entry-media\"><div class=\"eael-entry-overlay fade-in\"><i class=\"far fa-eye\" aria-hidden=\"true\"><\/i><a href=\"https:\/\/elmamed.com\/tr\/ligament-staple\/\"><\/a><\/div><div class=\"eael-entry-thumbnail eael-image-ratio\">\n                <img loading=\"lazy\" decoding=\"async\" width=\"300\" height=\"200\" src=\"https:\/\/elmamed.com\/wp-content\/uploads\/2025\/04\/LIGAMENT-STAPLE-1-e1744918232577-300x200.png\" class=\"attachment-thumbnail size-thumbnail wp-image-880\" alt=\"\" srcset=\"https:\/\/elmamed.com\/wp-content\/uploads\/2025\/04\/LIGAMENT-STAPLE-1-e1744918232577-300x200.png 300w, https:\/\/elmamed.com\/wp-content\/uploads\/2025\/04\/LIGAMENT-STAPLE-1-e1744918232577-500x333.png 500w, https:\/\/elmamed.com\/wp-content\/uploads\/2025\/04\/LIGAMENT-STAPLE-1-e1744918232577-768x512.png 768w, https:\/\/elmamed.com\/wp-content\/uploads\/2025\/04\/LIGAMENT-STAPLE-1-e1744918232577-18x12.png 18w, https:\/\/elmamed.com\/wp-content\/uploads\/2025\/04\/LIGAMENT-STAPLE-1-e1744918232577-113x75.png 113w, https:\/\/elmamed.com\/wp-content\/uploads\/2025\/04\/LIGAMENT-STAPLE-1-e1744918232577-480x320.png 480w, https:\/\/elmamed.com\/wp-content\/uploads\/2025\/04\/LIGAMENT-STAPLE-1-e1744918232577.png 855w\" sizes=\"(max-width:767px) 300px, 300px\" \/>\n            <\/div>\n        <\/div><div class=\"eael-entry-wrapper\"><header class=\"eael-entry-header\"><h2 class=\"eael-entry-title\"><a class=\"eael-grid-post-link\" href=\"https:\/\/elmamed.com\/tr\/ligament-staple\/\" title=\"LIGAMENT STAPLE\">LIGAMENT STAPLE<\/a><\/h2><\/header><\/div><\/div>\n        <\/div>\n    <\/article><article class=\"eael-grid-post  eael-post-grid-column eael-pg-post-596\" data-id=\"596\">\n        <div class=\"eael-grid-post-holder\">\n            <div class=\"eael-grid-post-holder-inner\"><div class=\"eael-entry-media\"><div class=\"eael-entry-overlay fade-in\"><i class=\"far fa-eye\" aria-hidden=\"true\"><\/i><a href=\"https:\/\/elmamed.com\/tr\/ti-button-cl-system\/\"><\/a><\/div><div class=\"eael-entry-thumbnail eael-image-ratio\">\n                <img loading=\"lazy\" decoding=\"async\" width=\"300\" height=\"195\" src=\"https:\/\/elmamed.com\/wp-content\/uploads\/2025\/04\/TI-Button-1-e1744919322936-300x195.png\" class=\"attachment-thumbnail size-thumbnail wp-image-889\" alt=\"\" srcset=\"https:\/\/elmamed.com\/wp-content\/uploads\/2025\/04\/TI-Button-1-e1744919322936-300x195.png 300w, https:\/\/elmamed.com\/wp-content\/uploads\/2025\/04\/TI-Button-1-e1744919322936-500x325.png 500w, https:\/\/elmamed.com\/wp-content\/uploads\/2025\/04\/TI-Button-1-e1744919322936-768x499.png 768w, https:\/\/elmamed.com\/wp-content\/uploads\/2025\/04\/TI-Button-1-e1744919322936-18x12.png 18w, https:\/\/elmamed.com\/wp-content\/uploads\/2025\/04\/TI-Button-1-e1744919322936-115x75.png 115w, https:\/\/elmamed.com\/wp-content\/uploads\/2025\/04\/TI-Button-1-e1744919322936-480x312.png 480w, https:\/\/elmamed.com\/wp-content\/uploads\/2025\/04\/TI-Button-1-e1744919322936.png 855w\" sizes=\"(max-width:767px) 300px, 300px\" \/>\n            <\/div>\n        <\/div><div class=\"eael-entry-wrapper\"><header class=\"eael-entry-header\"><h2 class=\"eael-entry-title\"><a class=\"eael-grid-post-link\" href=\"https:\/\/elmamed.com\/tr\/ti-button-cl-system\/\" title=\"TI-BUTTON CL SYSTEM\">TI-BUTTON CL SYSTEM<\/a><\/h2><\/header><\/div><\/div>\n        <\/div>\n    <\/article><\/div>\n            <div class=\"clearfix\"><\/div>\n        <\/div>            <div class=\"eael-load-more-button-wrap\">\n                <button class=\"eael-load-more-button\" id=\"eael-load-more-btn-5b00c17\" data-widget-id=\"5b00c17\" data-widget=\"5b00c17\" data-page-id=\"13\" data-template=\"{&quot;dir&quot;:&quot;lite&quot;,&quot;file_name&quot;:&quot;one.php&quot;,&quot;name&quot;:&quot;Post-Grid&quot;}\" data-class=\"Essential_Addons_Elementor\\Elements\\Post_Grid\" data-layout=\"masonry\" data-page=\"1\" data-args=\"orderby=modified&amp;order=desc&amp;ignore_sticky_posts=1&amp;post_status=publish&amp;posts_per_page=10&amp;offset=0&amp;post_type=post\" data-max-page=\"2\">\n                    <span class=\"eael-btn-loader button__loader\"><\/span>\n                    <span class=\"eael_load_more_text\">Daha fazla y\u00fckle<\/span>\n                <\/button>\n            <\/div>\n            \t\t\t\t<\/div>\n\t\t\t\t<\/div>\n\t\t\t\t\t<\/div>\n\t\t<\/div>\n\t\t\t\t\t<\/div>\n\t\t<\/section>\n\t\t\t\t<\/div>","protected":false},"excerpt":{"rendered":"<p>Products Elma Medical is your trusted provider of medical surgery items REMISSAS HANGER SYSTEM HELIX PEEK KNOTLESS ANCHOR HELIX TI SCREW ANCHOR SENSITIVA SOFT ANCHOR REMISSAS<span class=\"excerpt-hellip\"> [\u2026]<\/span><\/p>","protected":false},"author":1,"featured_media":0,"parent":0,"menu_order":0,"comment_status":"open","ping_status":"closed","template":"","meta":{"footnotes":""},"class_list":["post-13","page","type-page","status-publish","hentry"],"_links":{"self":[{"href":"https:\/\/elmamed.com\/tr\/wp-json\/wp\/v2\/pages\/13","targetHints":{"allow":["GET"]}}],"collection":[{"href":"https:\/\/elmamed.com\/tr\/wp-json\/wp\/v2\/pages"}],"about":[{"href":"https:\/\/elmamed.com\/tr\/wp-json\/wp\/v2\/types\/page"}],"author":[{"embeddable":true,"href":"https:\/\/elmamed.com\/tr\/wp-json\/wp\/v2\/users\/1"}],"replies":[{"embeddable":true,"href":"https:\/\/elmamed.com\/tr\/wp-json\/wp\/v2\/comments?post=13"}],"version-history":[{"count":16,"href":"https:\/\/elmamed.com\/tr\/wp-json\/wp\/v2\/pages\/13\/revisions"}],"predecessor-version":[{"id":834,"href":"https:\/\/elmamed.com\/tr\/wp-json\/wp\/v2\/pages\/13\/revisions\/834"}],"wp:attachment":[{"href":"https:\/\/elmamed.com\/tr\/wp-json\/wp\/v2\/media?parent=13"}],"curies":[{"name":"wp","href":"https:\/\/api.w.org\/{rel}","templated":true}]}}